{"id":1034,"date":"2022-09-28T17:54:08","date_gmt":"2022-09-28T15:54:08","guid":{"rendered":"https:\/\/www.stoffbluete.de\/?page_id=1034"},"modified":"2022-09-30T09:37:28","modified_gmt":"2022-09-30T07:37:28","slug":"baby-und-kinderkleidung","status":"publish","type":"page","link":"https:\/\/www.stoffbluete.de\/?page_id=1034","title":{"rendered":"Baby- und Kinderkleidung"},"content":{"rendered":"\n<p>wichtig zu wissen! Alle Gr\u00f6\u00dfen sind BIS Gr\u00f6\u00dfen. Heisst wenn du eine Pumphose in Gr. 80 bestellst gilt sie f\u00fcr eine Gr\u00f6\u00dfe bis 80, wenn du ein Kind hast das schon fast bei 80 ist schlage ich dir eine gr\u00f6\u00dfere Gr\u00f6\u00dfe vor.<\/p>\n\n\n\n<p><strong>Pumphose<\/strong> Gr. 44 &#8211; 110<\/p>\n\n\n\n<p>Einfach<\/p>\n\n\n\n<p class=\"has-text-align-center\">mit 1 Tasche<\/p>\n\n\n\n<p class=\"has-text-align-center\">mit 2 Taschen<\/p>\n\n\n\n<p>Duett<\/p>\n\n\n\n<p class=\"has-text-align-center\">mit 1 Tasche<\/p>\n\n\n\n<p class=\"has-text-align-center\">mit 2 Taschen<\/p>\n\n\n\n<p>Trio<\/p>\n\n\n\n<p class=\"has-text-align-center\">mit 1 Tasche<\/p>\n\n\n\n<p class=\"has-text-align-center\">mit 2 Taschen<\/p>\n\n\n\n<p>alle mit B\u00fcndchenstoff<\/p>\n\n\n\n<p><strong>Pumphose kurz <\/strong>Gr. 50-80<\/p>\n\n\n\n<p class=\"has-text-align-left\">Einfach <\/p>\n\n\n\n<p class=\"has-text-align-center\">mit 1 Tasche<\/p>\n\n\n\n<p class=\"has-text-align-center\">mit 2 Taschen<\/p>\n\n\n\n<p>mit B\u00fcndchenstoff<\/p>\n\n\n\n<p><strong>Oversized Sweater<\/strong> Gr. 56-116<\/p>\n\n\n\n<p class=\"has-text-align-left\">Einfach<\/p>\n\n\n\n<p class=\"has-text-align-center\">mit B\u00fcgelbild<\/p>\n\n\n\n<p>Duett<\/p>\n\n\n\n<p class=\"has-text-align-center\">mit Volantband<\/p>\n\n\n\n<p class=\"has-text-align-center\">mit B\u00fcgelbild<\/p>\n\n\n\n<p>Trio<\/p>\n","protected":false},"excerpt":{"rendered":"<p>wichtig zu wissen! Alle Gr\u00f6\u00dfen sind BIS Gr\u00f6\u00dfen. Heisst wenn du eine Pumphose in Gr. 80 bestellst gilt sie f\u00fcr eine Gr\u00f6\u00dfe bis 80, wenn du ein Kind hast das schon fast bei 80 ist schlage ich dir eine gr\u00f6\u00dfere Gr\u00f6\u00dfe vor. Pumphose Gr. 44 &#8211; 110 Einfach mit 1 Tasche mit 2 Taschen Duett [&hellip;]<\/p>\n","protected":false},"author":1,"featured_media":0,"parent":0,"menu_order":0,"comment_status":"closed","ping_status":"closed","template":"","meta":{"inline_featured_image":false,"footnotes":""},"class_list":["post-1034","page","type-page","status-publish","hentry"],"_links":{"self":[{"href":"https:\/\/www.stoffbluete.de\/index.php?rest_route=\/wp\/v2\/pages\/1034","targetHints":{"allow":["GET"]}}],"collection":[{"href":"https:\/\/www.stoffbluete.de\/index.php?rest_route=\/wp\/v2\/pages"}],"about":[{"href":"https:\/\/www.stoffbluete.de\/index.php?rest_route=\/wp\/v2\/types\/page"}],"author":[{"embeddable":true,"href":"https:\/\/www.stoffbluete.de\/index.php?rest_route=\/wp\/v2\/users\/1"}],"replies":[{"embeddable":true,"href":"https:\/\/www.stoffbluete.de\/index.php?rest_route=%2Fwp%2Fv2%2Fcomments&post=1034"}],"version-history":[{"count":2,"href":"https:\/\/www.stoffbluete.de\/index.php?rest_route=\/wp\/v2\/pages\/1034\/revisions"}],"predecessor-version":[{"id":1166,"href":"https:\/\/www.stoffbluete.de\/index.php?rest_route=\/wp\/v2\/pages\/1034\/revisions\/1166"}],"wp:attachment":[{"href":"https:\/\/www.stoffbluete.de\/index.php?rest_route=%2Fwp%2Fv2%2Fmedia&parent=1034"}],"curies":[{"name":"wp","href":"https:\/\/api.w.org\/{rel}","templated":true}]}}