{"id":1088,"date":"2022-09-28T19:35:22","date_gmt":"2022-09-28T17:35:22","guid":{"rendered":"https:\/\/www.stoffbluete.de\/?page_id=1088"},"modified":"2022-09-28T19:35:22","modified_gmt":"2022-09-28T17:35:22","slug":"ein-weiter-weg-liegt-vor-mir","status":"publish","type":"page","link":"https:\/\/www.stoffbluete.de\/?page_id=1088","title":{"rendered":"Ein weiter Weg liegt vor mir"},"content":{"rendered":"\n<p>Soooo ich habe jetzt ganz viele verschiede Themen gesehen und mich jetzt mal f\u00fcr dieses hier entschieden. <\/p>\n\n\n\n<p>Ausserdem gibt es auch erstmal kein Shop System hier. Allein schon,&#8230; weil das nicht ganz so einfach ist und ich ja will dass die Homepage bald funktionst\u00fcchtig ist. Sodass ihr euch wenigstens ein wenig \u00fcber mich informieren k\u00f6nnt.<\/p>\n\n\n\n<p>Ich habe jetzt auch eine &#8222;neue&#8220; Digitalkamera gekauft und werde demn\u00e4chst ganz fleissig Bilder machen. Sei es jetzt von meinen Produkten oder einfach von aktuellen Ereignissen. Zum Beispiel meinen Stand auf einem Markt. Oder eine neue Anschaffung etc.<\/p>\n\n\n\n<p>Wichtig ist&#8230;<\/p>\n\n\n\n<p>Ich bleib dran&#8230; Ich arbeite weiterhin emsig an der Homepage hier und hoffe ihr findet sie informativ und auch unterhaltend.<\/p>\n\n\n\n<p>Falls ihr Rechtschreibfehler sehen solltet&#8230; bitte bescheid sagen \ud83d\ude1b<\/p>\n\n\n\n<p>Ich antworte auf jeden Fall<\/p>\n\n\n\n<p>Eure Stoffbl\u00fcte-Yvonne<\/p>\n","protected":false},"excerpt":{"rendered":"<p>Soooo ich habe jetzt ganz viele verschiede Themen gesehen und mich jetzt mal f\u00fcr dieses hier entschieden. Ausserdem gibt es auch erstmal kein Shop System hier. Allein schon,&#8230; weil das nicht ganz so einfach ist und ich ja will dass die Homepage bald funktionst\u00fcchtig ist. Sodass ihr euch wenigstens ein wenig \u00fcber mich informieren k\u00f6nnt. [&hellip;]<\/p>\n","protected":false},"author":1,"featured_media":0,"parent":0,"menu_order":0,"comment_status":"closed","ping_status":"closed","template":"","meta":{"inline_featured_image":false,"footnotes":""},"class_list":["post-1088","page","type-page","status-publish","hentry"],"_links":{"self":[{"href":"https:\/\/www.stoffbluete.de\/index.php?rest_route=\/wp\/v2\/pages\/1088","targetHints":{"allow":["GET"]}}],"collection":[{"href":"https:\/\/www.stoffbluete.de\/index.php?rest_route=\/wp\/v2\/pages"}],"about":[{"href":"https:\/\/www.stoffbluete.de\/index.php?rest_route=\/wp\/v2\/types\/page"}],"author":[{"embeddable":true,"href":"https:\/\/www.stoffbluete.de\/index.php?rest_route=\/wp\/v2\/users\/1"}],"replies":[{"embeddable":true,"href":"https:\/\/www.stoffbluete.de\/index.php?rest_route=%2Fwp%2Fv2%2Fcomments&post=1088"}],"version-history":[{"count":1,"href":"https:\/\/www.stoffbluete.de\/index.php?rest_route=\/wp\/v2\/pages\/1088\/revisions"}],"predecessor-version":[{"id":1089,"href":"https:\/\/www.stoffbluete.de\/index.php?rest_route=\/wp\/v2\/pages\/1088\/revisions\/1089"}],"wp:attachment":[{"href":"https:\/\/www.stoffbluete.de\/index.php?rest_route=%2Fwp%2Fv2%2Fmedia&parent=1088"}],"curies":[{"name":"wp","href":"https:\/\/api.w.org\/{rel}","templated":true}]}}