{"id":1092,"date":"2022-09-28T19:36:47","date_gmt":"2022-09-28T17:36:47","guid":{"rendered":"https:\/\/www.stoffbluete.de\/?page_id=1092"},"modified":"2022-09-28T19:36:47","modified_gmt":"2022-09-28T17:36:47","slug":"kellerkirmes-mesenich","status":"publish","type":"page","link":"https:\/\/www.stoffbluete.de\/?page_id=1092","title":{"rendered":"Kellerkirmes Mesenich"},"content":{"rendered":"\n<p>o heute gehts los.<\/p>\n\n\n\n<p>Koffer sind gepackt wie man so sch\u00f6n sagt&#8230; das Auto noch nicht ganz \ud83d\ude42 Typisch Frau einfach viel zu viele Sachen dabei \ud83d\ude1b<\/p>\n\n\n\n<p>Die letzten Vorbereitungen werden von mir getroffen.<\/p>\n\n\n\n<p>Ausserdem hat sich auf der Homepage auch wieder viel getan. Datenschutzerkl\u00e4rung, AGB, Impressum und Zahlungsm\u00f6glichkeiten sind gef\u00fcllt.<\/p>\n\n\n\n<p>Das war eine ziemlich spannende Sache sag ich euch.<\/p>\n\n\n\n<p>Meine neuen Visitenkarten sind \u00fcbrigens auch angekommen und wenn ich das so sagen darf&#8230;.<\/p>\n\n\n\n<p class=\"has-text-align-center\">Sie sehen MEGA GEIL aus!!!<\/p>\n\n\n\n<p>Gesch\u00e4ftskonto ist jetzt auch er\u00f6ffnet und PayPal ist auch erstellt und verkn\u00fcpft. Ausserdem hab ich mir jetzt Whatsapp Business angeschafft. Das wird mich hier beim Verkauf jetzt unterst\u00fctzen sobald&#8230;<\/p>\n\n\n\n<p>Ich die Fotos gemacht habe X-) also gebt mir etwas Zeit.<\/p>\n\n\n\n<p>Aber wie ihr sehen k\u00f6nnt, ich bin weiterhin ein flei\u00dfiges Bienchen, damit das hier l\u00e4uft und eine runde Sache wird.<\/p>\n\n\n\n<p>In diesem Sinne&#8230; ich hoffe wir sehen uns morgen und am Sonntag und bringt gutes Wetter mit \ud83d\ude42<\/p>\n\n\n\n<p>Eure Stoffbl\u00fcte-Yvonne<\/p>\n","protected":false},"excerpt":{"rendered":"<p>o heute gehts los. Koffer sind gepackt wie man so sch\u00f6n sagt&#8230; das Auto noch nicht ganz \ud83d\ude42 Typisch Frau einfach viel zu viele Sachen dabei \ud83d\ude1b Die letzten Vorbereitungen werden von mir getroffen. Ausserdem hat sich auf der Homepage auch wieder viel getan. Datenschutzerkl\u00e4rung, AGB, Impressum und Zahlungsm\u00f6glichkeiten sind gef\u00fcllt. Das war eine ziemlich [&hellip;]<\/p>\n","protected":false},"author":1,"featured_media":0,"parent":0,"menu_order":0,"comment_status":"closed","ping_status":"closed","template":"","meta":{"inline_featured_image":false,"footnotes":""},"class_list":["post-1092","page","type-page","status-publish","hentry"],"_links":{"self":[{"href":"https:\/\/www.stoffbluete.de\/index.php?rest_route=\/wp\/v2\/pages\/1092","targetHints":{"allow":["GET"]}}],"collection":[{"href":"https:\/\/www.stoffbluete.de\/index.php?rest_route=\/wp\/v2\/pages"}],"about":[{"href":"https:\/\/www.stoffbluete.de\/index.php?rest_route=\/wp\/v2\/types\/page"}],"author":[{"embeddable":true,"href":"https:\/\/www.stoffbluete.de\/index.php?rest_route=\/wp\/v2\/users\/1"}],"replies":[{"embeddable":true,"href":"https:\/\/www.stoffbluete.de\/index.php?rest_route=%2Fwp%2Fv2%2Fcomments&post=1092"}],"version-history":[{"count":1,"href":"https:\/\/www.stoffbluete.de\/index.php?rest_route=\/wp\/v2\/pages\/1092\/revisions"}],"predecessor-version":[{"id":1093,"href":"https:\/\/www.stoffbluete.de\/index.php?rest_route=\/wp\/v2\/pages\/1092\/revisions\/1093"}],"wp:attachment":[{"href":"https:\/\/www.stoffbluete.de\/index.php?rest_route=%2Fwp%2Fv2%2Fmedia&parent=1092"}],"curies":[{"name":"wp","href":"https:\/\/api.w.org\/{rel}","templated":true}]}}