{"id":1682,"date":"2022-12-15T14:00:08","date_gmt":"2022-12-15T13:00:08","guid":{"rendered":"https:\/\/www.stoffbluete.de\/?page_id=1682"},"modified":"2022-12-15T14:00:08","modified_gmt":"2022-12-15T13:00:08","slug":"spucktuecher","status":"publish","type":"page","link":"https:\/\/www.stoffbluete.de\/?page_id=1682","title":{"rendered":"Spuckt\u00fccher"},"content":{"rendered":"\n<p>Meine Spuckt\u00fccher f\u00fcr Babys werden aus Musselin hergestellt. Musselin ist ein feines  Gewebe aus Baumwolle. Es besteht aus zwei Lagen die \u00fcbereinander gelegt werden und punktuell miteinander verbunden sind. Der Stoff ist blickdicht, leicht und zart. Es ist ein atmungsaktiver Stoff der auch f\u00fcr Kleidung im Sommer benutzt wird.<\/p>\n\n\n\n<p>100% Baumwolle<\/p>\n\n\n\n<p>Jedes Spucktuch wird an den R\u00e4ndern vers\u00e4ubert mit der Overlock und dann werden die R\u00e4nder umgen\u00e4ht mit einem normalen Gradstich.<\/p>\n\n\n\n<p>Sie sind Waschmaschinen geeignet und vielf\u00e4ltig einsetzbar. 30\u00b0 waschbar aber nicht f\u00fcr den Trockner geeignet.<\/p>\n","protected":false},"excerpt":{"rendered":"<p>Meine Spuckt\u00fccher f\u00fcr Babys werden aus Musselin hergestellt. Musselin ist ein feines Gewebe aus Baumwolle. Es besteht aus zwei Lagen die \u00fcbereinander gelegt werden und punktuell miteinander verbunden sind. Der Stoff ist blickdicht, leicht und zart. Es ist ein atmungsaktiver Stoff der auch f\u00fcr Kleidung im Sommer benutzt wird. 100% Baumwolle Jedes Spucktuch wird an [&hellip;]<\/p>\n","protected":false},"author":1,"featured_media":0,"parent":0,"menu_order":0,"comment_status":"closed","ping_status":"closed","template":"","meta":{"inline_featured_image":false,"footnotes":""},"class_list":["post-1682","page","type-page","status-publish","hentry"],"_links":{"self":[{"href":"https:\/\/www.stoffbluete.de\/index.php?rest_route=\/wp\/v2\/pages\/1682","targetHints":{"allow":["GET"]}}],"collection":[{"href":"https:\/\/www.stoffbluete.de\/index.php?rest_route=\/wp\/v2\/pages"}],"about":[{"href":"https:\/\/www.stoffbluete.de\/index.php?rest_route=\/wp\/v2\/types\/page"}],"author":[{"embeddable":true,"href":"https:\/\/www.stoffbluete.de\/index.php?rest_route=\/wp\/v2\/users\/1"}],"replies":[{"embeddable":true,"href":"https:\/\/www.stoffbluete.de\/index.php?rest_route=%2Fwp%2Fv2%2Fcomments&post=1682"}],"version-history":[{"count":1,"href":"https:\/\/www.stoffbluete.de\/index.php?rest_route=\/wp\/v2\/pages\/1682\/revisions"}],"predecessor-version":[{"id":1683,"href":"https:\/\/www.stoffbluete.de\/index.php?rest_route=\/wp\/v2\/pages\/1682\/revisions\/1683"}],"wp:attachment":[{"href":"https:\/\/www.stoffbluete.de\/index.php?rest_route=%2Fwp%2Fv2%2Fmedia&parent=1682"}],"curies":[{"name":"wp","href":"https:\/\/api.w.org\/{rel}","templated":true}]}}