{"id":2029,"date":"2023-12-28T22:30:42","date_gmt":"2023-12-28T21:30:42","guid":{"rendered":"https:\/\/www.stoffbluete.de\/?page_id=2029"},"modified":"2023-12-28T22:30:42","modified_gmt":"2023-12-28T21:30:42","slug":"baumwoll-jersey","status":"publish","type":"page","link":"https:\/\/www.stoffbluete.de\/?page_id=2029","title":{"rendered":"Baumwoll-Jersey"},"content":{"rendered":"\n<p>95% Baumwollstoff 5% Elastan<\/p>\n\n\n\n<p>alles Oeko Tex Stoffe<\/p>\n\n\n\n<p>matt, weich, bi-elastisch<\/p>\n\n\n\n<p>Ich liebe Baumwolljersey f\u00fcr Kinderkeidung. Sie ist elastisch und weich. Du kannst sie vielseitig einsetzen.<\/p>\n\n\n\n<p>T-Shirts, Basic-Shirts, Pumphosen, Strampler, Oversized-Sweater, Sweater, Schlupfm\u00fctzen, Haarb\u00e4nder, Stirnb\u00e4nder, Wickelhemdchen, Halst\u00fccher und noch einige andere Sachen.<\/p>\n\n\n\n<p>Baumwoll-Jersey wird in der Regel am besten im Schonwaschgang gewaschen. Also auch ein Schonwaschmittel nutzen. Seid auch bitte vorsichtig bei Eco-Waschg\u00e4ngen.<\/p>\n\n\n\n<p>Baumwolljersey kann wegen dem Baumwollstoff-Anteil bis zu 20% einlaufen.<\/p>\n\n\n\n<p>Deshalb wird jeder Stoff erstmal noch vorgewaschen von mir, damit das sp\u00e4ter nicht passiert, wenn die Kleidungsst\u00fccke vern\u00e4ht sind und ihr eure Wonneproppen damit einkleiden wollt.<\/p>\n\n\n\n<p>Bitte nicht heiss waschen und Finger weg vom Trockner. Das kann daf\u00fcr sorgen dass es dennoch einl\u00e4uft &#x1f609;<\/p>\n\n\n\n<p>Aber die meisten wissen ja das man so einige Fehler machen kann beim waschen\u2026<\/p>\n","protected":false},"excerpt":{"rendered":"<p>95% Baumwollstoff 5% Elastan alles Oeko Tex Stoffe matt, weich, bi-elastisch Ich liebe Baumwolljersey f\u00fcr Kinderkeidung. Sie ist elastisch und weich. Du kannst sie vielseitig einsetzen. T-Shirts, Basic-Shirts, Pumphosen, Strampler, Oversized-Sweater, Sweater, Schlupfm\u00fctzen, Haarb\u00e4nder, Stirnb\u00e4nder, Wickelhemdchen, Halst\u00fccher und noch einige andere Sachen. Baumwoll-Jersey wird in der Regel am besten im Schonwaschgang gewaschen. Also auch ein [&hellip;]<\/p>\n","protected":false},"author":1,"featured_media":0,"parent":0,"menu_order":0,"comment_status":"closed","ping_status":"closed","template":"","meta":{"inline_featured_image":false,"footnotes":""},"class_list":["post-2029","page","type-page","status-publish","hentry"],"_links":{"self":[{"href":"https:\/\/www.stoffbluete.de\/index.php?rest_route=\/wp\/v2\/pages\/2029","targetHints":{"allow":["GET"]}}],"collection":[{"href":"https:\/\/www.stoffbluete.de\/index.php?rest_route=\/wp\/v2\/pages"}],"about":[{"href":"https:\/\/www.stoffbluete.de\/index.php?rest_route=\/wp\/v2\/types\/page"}],"author":[{"embeddable":true,"href":"https:\/\/www.stoffbluete.de\/index.php?rest_route=\/wp\/v2\/users\/1"}],"replies":[{"embeddable":true,"href":"https:\/\/www.stoffbluete.de\/index.php?rest_route=%2Fwp%2Fv2%2Fcomments&post=2029"}],"version-history":[{"count":1,"href":"https:\/\/www.stoffbluete.de\/index.php?rest_route=\/wp\/v2\/pages\/2029\/revisions"}],"predecessor-version":[{"id":2030,"href":"https:\/\/www.stoffbluete.de\/index.php?rest_route=\/wp\/v2\/pages\/2029\/revisions\/2030"}],"wp:attachment":[{"href":"https:\/\/www.stoffbluete.de\/index.php?rest_route=%2Fwp%2Fv2%2Fmedia&parent=2029"}],"curies":[{"name":"wp","href":"https:\/\/api.w.org\/{rel}","templated":true}]}}