{"id":51,"date":"2022-09-04T21:29:36","date_gmt":"2022-09-04T19:29:36","guid":{"rendered":"https:\/\/www.stoffbluete.de\/?page_id=51"},"modified":"2023-09-01T11:22:06","modified_gmt":"2023-09-01T09:22:06","slug":"versandarten","status":"publish","type":"page","link":"https:\/\/www.stoffbluete.de\/?page_id=51","title":{"rendered":"Versandarten"},"content":{"rendered":"\n<p><strong>Deutsche Post<\/strong><\/p>\n\n\n\n<p class=\"has-text-align-center\">Porto variiert je nach P\u00e4ckchengr\u00f6\u00dfe<\/p>\n\n\n\n<p class=\"has-text-align-center\">Sobald das Projekt fertig ist und klar ist wie viel Platz ben\u00f6tigt wird f\u00fcge ich den Portopreis der Rechnung hinzu.<\/p>\n\n\n\n<p>Das Porto wird 1 zu 1 auf die Rechnung addiert.<\/p>\n","protected":false},"excerpt":{"rendered":"<p>Deutsche Post Porto variiert je nach P\u00e4ckchengr\u00f6\u00dfe Sobald das Projekt fertig ist und klar ist wie viel Platz ben\u00f6tigt wird f\u00fcge ich den Portopreis der Rechnung hinzu. Das Porto wird 1 zu 1 auf die Rechnung addiert.<\/p>\n","protected":false},"author":1,"featured_media":0,"parent":0,"menu_order":0,"comment_status":"closed","ping_status":"closed","template":"","meta":{"inline_featured_image":false,"footnotes":""},"class_list":["post-51","page","type-page","status-publish","hentry"],"_links":{"self":[{"href":"https:\/\/www.stoffbluete.de\/index.php?rest_route=\/wp\/v2\/pages\/51","targetHints":{"allow":["GET"]}}],"collection":[{"href":"https:\/\/www.stoffbluete.de\/index.php?rest_route=\/wp\/v2\/pages"}],"about":[{"href":"https:\/\/www.stoffbluete.de\/index.php?rest_route=\/wp\/v2\/types\/page"}],"author":[{"embeddable":true,"href":"https:\/\/www.stoffbluete.de\/index.php?rest_route=\/wp\/v2\/users\/1"}],"replies":[{"embeddable":true,"href":"https:\/\/www.stoffbluete.de\/index.php?rest_route=%2Fwp%2Fv2%2Fcomments&post=51"}],"version-history":[{"count":3,"href":"https:\/\/www.stoffbluete.de\/index.php?rest_route=\/wp\/v2\/pages\/51\/revisions"}],"predecessor-version":[{"id":2002,"href":"https:\/\/www.stoffbluete.de\/index.php?rest_route=\/wp\/v2\/pages\/51\/revisions\/2002"}],"wp:attachment":[{"href":"https:\/\/www.stoffbluete.de\/index.php?rest_route=%2Fwp%2Fv2%2Fmedia&parent=51"}],"curies":[{"name":"wp","href":"https:\/\/api.w.org\/{rel}","templated":true}]}}